{"id":11,"date":"2020-10-05T17:03:40","date_gmt":"2020-10-05T15:03:40","guid":{"rendered":"https:\/\/zuckerzauberer.de\/?page_id=11"},"modified":"2020-10-06T08:53:20","modified_gmt":"2020-10-06T06:53:20","slug":"willkommen","status":"publish","type":"page","link":"https:\/\/zuckerzauberer.de\/","title":{"rendered":"Willkommen"},"content":{"rendered":"\n<p class=\"has-drop-cap\">Ein herzliches Willkommen beim Zuckerzauberer, der Seite auf der es um DICH und Deinen neuen Wegbegleiter geht: Deinen ganz pers\u00f6nlichen Diabetes Typ1.<br>Denn genau darum soll es sich drehen: was bedeutet die Diagnose Diabetes f\u00fcr mich und mein Leben? Wird jetzt alles anders? Kann ich noch weiter Sport machen? Darf ich noch S\u00fc\u00dfigkeiten essen? Was um Gottes Willen ist mit Folgeerkrankungen?<br>Nach meiner Diagnose haben mich genau diese Fragen besch\u00e4ftigt und ich h\u00e4tte mir sehr gew\u00fcnscht einen kompetenten Partner an der Seite zu haben, der mich ein wenig an die Hand nimmt. \u00c4rzte sind zwar ganz nett, aber mal Hand aufs Herz die wenigsten \u00c4rzte sind selbst pers\u00f6nlich betroffen.<br>Auf diesen Seiten stelle ich mich Dir vor und wer wei\u00df, vielleicht hast Du ja Lust ebenfalls ein Zuckerzauberer oder eine Zuckerzauberin zu werden :0)<\/p>\n","protected":false},"excerpt":{"rendered":"<p>Ein herzliches Willkommen beim Zuckerzauberer, der Seite auf der es um DICH und Deinen neuen Wegbegleiter geht: Deinen ganz pers\u00f6nlichen Diabetes Typ1.Denn genau darum soll es sich drehen: was bedeutet die Diagnose Diabetes f\u00fcr mich und mein Leben? Wird jetzt alles anders? Kann ich noch weiter Sport machen? Darf ich noch S\u00fc\u00dfigkeiten essen? Was um &hellip; <\/p>\n<p class=\"link-more\"><a href=\"https:\/\/zuckerzauberer.de\/\" class=\"more-link\"><span class=\"screen-reader-text\">\u201eWillkommen\u201c<\/span> weiterlesen<\/a><\/p>\n","protected":false},"author":1,"featured_media":0,"parent":0,"menu_order":0,"comment_status":"closed","ping_status":"closed","template":"","meta":[],"yoast_head":"<!-- This site is optimized with the Yoast SEO plugin v16.0.2 - https:\/\/yoast.com\/wordpress\/plugins\/seo\/ -->\n<title>Willkommen | zuckerzauberer.de<\/title>\n<link rel=\"canonical\" href=\"https:\/\/zuckerzauberer.de\/\" \/>\n<meta property=\"og:locale\" content=\"de_DE\" \/>\n<meta property=\"og:type\" content=\"article\" \/>\n<meta property=\"og:title\" content=\"Willkommen | zuckerzauberer.de\" \/>\n<meta property=\"og:description\" content=\"Ein herzliches Willkommen beim Zuckerzauberer, der Seite auf der es um DICH und Deinen neuen Wegbegleiter geht: Deinen ganz pers\u00f6nlichen Diabetes Typ1.Denn genau darum soll es sich drehen: was bedeutet die Diagnose Diabetes f\u00fcr mich und mein Leben? Wird jetzt alles anders? Kann ich noch weiter Sport machen? Darf ich noch S\u00fc\u00dfigkeiten essen? Was um &hellip; \u201eWillkommen\u201c weiterlesen\" \/>\n<meta property=\"og:url\" content=\"https:\/\/zuckerzauberer.de\/\" \/>\n<meta property=\"og:site_name\" content=\"zuckerzauberer.de\" \/>\n<meta property=\"article:modified_time\" content=\"2020-10-06T06:53:20+00:00\" \/>\n<meta name=\"twitter:card\" content=\"summary_large_image\" \/>\n<meta name=\"twitter:label1\" content=\"Gesch\u00e4tzte Lesezeit\">\n\t<meta name=\"twitter:data1\" content=\"1 Minute\">\n<script type=\"application\/ld+json\" class=\"yoast-schema-graph\">{\"@context\":\"https:\/\/schema.org\",\"@graph\":[{\"@type\":[\"Person\",\"Organization\"],\"@id\":\"https:\/\/zuckerzauberer.de\/#\/schema\/person\/d202dacc4bfb99dac9408cd49958e315\",\"name\":\"christian\",\"image\":{\"@type\":\"ImageObject\",\"@id\":\"https:\/\/zuckerzauberer.de\/#personlogo\",\"inLanguage\":\"de-DE\",\"url\":\"https:\/\/secure.gravatar.com\/avatar\/0a40be1d19a209d81a31ebe7307d35ce?s=96&d=mm&r=g\",\"caption\":\"christian\"},\"logo\":{\"@id\":\"https:\/\/zuckerzauberer.de\/#personlogo\"},\"sameAs\":[\"https:\/\/zuckerzauberer.de\"]},{\"@type\":\"WebSite\",\"@id\":\"https:\/\/zuckerzauberer.de\/#website\",\"url\":\"https:\/\/zuckerzauberer.de\/\",\"name\":\"zuckerzauberer.de\",\"description\":\"typ1 diabetes | hilfe zur selbsthilfe\",\"publisher\":{\"@id\":\"https:\/\/zuckerzauberer.de\/#\/schema\/person\/d202dacc4bfb99dac9408cd49958e315\"},\"potentialAction\":[{\"@type\":\"SearchAction\",\"target\":\"https:\/\/zuckerzauberer.de\/?s={search_term_string}\",\"query-input\":\"required name=search_term_string\"}],\"inLanguage\":\"de-DE\"},{\"@type\":\"WebPage\",\"@id\":\"https:\/\/zuckerzauberer.de\/#webpage\",\"url\":\"https:\/\/zuckerzauberer.de\/\",\"name\":\"Willkommen | zuckerzauberer.de\",\"isPartOf\":{\"@id\":\"https:\/\/zuckerzauberer.de\/#website\"},\"datePublished\":\"2020-10-05T15:03:40+00:00\",\"dateModified\":\"2020-10-06T06:53:20+00:00\",\"breadcrumb\":{\"@id\":\"https:\/\/zuckerzauberer.de\/#breadcrumb\"},\"inLanguage\":\"de-DE\",\"potentialAction\":[{\"@type\":\"ReadAction\",\"target\":[\"https:\/\/zuckerzauberer.de\/\"]}]},{\"@type\":\"BreadcrumbList\",\"@id\":\"https:\/\/zuckerzauberer.de\/#breadcrumb\",\"itemListElement\":[{\"@type\":\"ListItem\",\"position\":1,\"item\":{\"@type\":\"WebPage\",\"@id\":\"https:\/\/zuckerzauberer.de\/\",\"url\":\"https:\/\/zuckerzauberer.de\/\",\"name\":\"Startseite\"}},{\"@type\":\"ListItem\",\"position\":2,\"item\":{\"@type\":\"WebPage\",\"@id\":\"https:\/\/zuckerzauberer.de\/\",\"url\":\"https:\/\/zuckerzauberer.de\/\",\"name\":\"Willkommen\"}}]}]}<\/script>\n<!-- \/ Yoast SEO plugin. -->","_links":{"self":[{"href":"https:\/\/zuckerzauberer.de\/index.php\/wp-json\/wp\/v2\/pages\/11"}],"collection":[{"href":"https:\/\/zuckerzauberer.de\/index.php\/wp-json\/wp\/v2\/pages"}],"about":[{"href":"https:\/\/zuckerzauberer.de\/index.php\/wp-json\/wp\/v2\/types\/page"}],"author":[{"embeddable":true,"href":"https:\/\/zuckerzauberer.de\/index.php\/wp-json\/wp\/v2\/users\/1"}],"replies":[{"embeddable":true,"href":"https:\/\/zuckerzauberer.de\/index.php\/wp-json\/wp\/v2\/comments?post=11"}],"version-history":[{"count":5,"href":"https:\/\/zuckerzauberer.de\/index.php\/wp-json\/wp\/v2\/pages\/11\/revisions"}],"predecessor-version":[{"id":152,"href":"https:\/\/zuckerzauberer.de\/index.php\/wp-json\/wp\/v2\/pages\/11\/revisions\/152"}],"wp:attachment":[{"href":"https:\/\/zuckerzauberer.de\/index.php\/wp-json\/wp\/v2\/media?parent=11"}],"curies":[{"name":"wp","href":"https:\/\/api.w.org\/{rel}","templated":true}]}}