{"id":139,"date":"2020-10-06T08:37:27","date_gmt":"2020-10-06T06:37:27","guid":{"rendered":"https:\/\/zuckerzauberer.de\/?page_id=139"},"modified":"2020-10-09T17:57:56","modified_gmt":"2020-10-09T15:57:56","slug":"hilf-dir-selbst","status":"publish","type":"page","link":"https:\/\/zuckerzauberer.de\/index.php\/hilf-dir-selbst\/","title":{"rendered":"Hilf Dir selbst"},"content":{"rendered":"\n<p class=\"has-drop-cap\">Ein zentraler Punkt der Diabetestherapie ist meiner Ansicht nach der, dass Du alle F\u00e4den selbst in der Hand h\u00e4ltst. Je nachdem wie gut oder schlecht Du Dich um Deinen Diabetes k\u00fcmmerst, umso besser geht es Dir damit. Sicher hat jeder Mal einen Durchh\u00e4nger und keine Lust auf den ganzen Mist, aber was w\u00e4re die Alternative? Letzten Endes und das ist die letzte Konsequenz stirbt man ohne Insulin. Doch dazu wollen wir es nicht kommen lassen.<br>Die moderne Medizin bietet eine Vielzahl an Hilfsmitteln, damit wir es uns mit der Therapie so leicht wie m\u00f6glich machen k\u00f6nnen. Sicher, von uns wird verlangt, dass wir mehrmals t\u00e4glich Therapieentscheidungen treffen oder Sch\u00e4tzungen abgeben wieviel Kohlenhydrate da wohl jetzt auf dem Teller liegen. Doch das ist im Vergleich zum letzten Jahrhundert doch sehr viel leichter handlebar.<br><br>Hier die drei zentralen Punkte, um die es geht:<br><br><strong>1. Akzeptiere es<\/strong><br>Um mit der Krankheit leben zu k\u00f6nnen musst Du sie akzeptieren. Es hilft nichts, Du wirst sie nicht wieder los, also nimm sie an und mach das Beste draus.<br><br><strong>2. K\u00fcmmere Dich darum<\/strong><br>Vielleicht hast Du Nachwuchs? Dann sieh in Deinem Dia einfach ein weiteres Kind. Das wird zwar nicht selbst\u00e4ndiger, will aber genauso viel Liebe und Zuwendung von Dir und mit der Zeit versteht ihr euch immer besser.<br><br><strong>3. Lebe befreiter<\/strong><br>Wenn Du Dich um Deinen Dia k\u00fcmmerst wirst Du letztlich auch wieder etwas freier leben k\u00f6nnen. Denn immerhin willst Du verstehen was passiert und warum es passiert. Das hilft Dir bei zuk\u00fcnftigen Therapieentscheidungen und macht Dich entspannter im Umgang damit.<br><br>Auch wenn es so scheint ist das Ganze keine schwarze Magie und man muss auch keine Kr\u00f6tensuppe essen. Du brauchst nur ein wenig Motivation und den Willen es in den Griff zu bekommen. Und das kannst Du!<br><br>Wenn Du Fragen hast kann ich mich als Sparingspartner zur Verf\u00fcgung stellen. Ich bin nicht allwissend und werde Dir auch keine Therapieentscheidungen abnehmen. Aber ich kann da sein, wenn Du Hilfe brauchst.<\/p>\n","protected":false},"excerpt":{"rendered":"<p>Ein zentraler Punkt der Diabetestherapie ist meiner Ansicht nach der, dass Du alle F\u00e4den selbst in der Hand h\u00e4ltst. Je nachdem wie gut oder schlecht Du Dich um Deinen Diabetes k\u00fcmmerst, umso besser geht es Dir damit. Sicher hat jeder Mal einen Durchh\u00e4nger und keine Lust auf den ganzen Mist, aber was w\u00e4re die Alternative? &hellip; <\/p>\n<p class=\"link-more\"><a href=\"https:\/\/zuckerzauberer.de\/index.php\/hilf-dir-selbst\/\" class=\"more-link\"><span class=\"screen-reader-text\">\u201eHilf Dir selbst\u201c<\/span> weiterlesen<\/a><\/p>\n","protected":false},"author":1,"featured_media":224,"parent":0,"menu_order":0,"comment_status":"closed","ping_status":"closed","template":"","meta":[],"yoast_head":"<!-- This site is optimized with the Yoast SEO plugin v16.0.2 - https:\/\/yoast.com\/wordpress\/plugins\/seo\/ -->\n<title>Hilf Dir selbst | zuckerzauberer.de<\/title>\n<link rel=\"canonical\" href=\"https:\/\/zuckerzauberer.de\/index.php\/hilf-dir-selbst\/\" \/>\n<meta property=\"og:locale\" content=\"de_DE\" \/>\n<meta property=\"og:type\" content=\"article\" \/>\n<meta property=\"og:title\" content=\"Hilf Dir selbst | zuckerzauberer.de\" \/>\n<meta property=\"og:description\" content=\"Ein zentraler Punkt der Diabetestherapie ist meiner Ansicht nach der, dass Du alle F\u00e4den selbst in der Hand h\u00e4ltst. Je nachdem wie gut oder schlecht Du Dich um Deinen Diabetes k\u00fcmmerst, umso besser geht es Dir damit. Sicher hat jeder Mal einen Durchh\u00e4nger und keine Lust auf den ganzen Mist, aber was w\u00e4re die Alternative? &hellip; \u201eHilf Dir selbst\u201c weiterlesen\" \/>\n<meta property=\"og:url\" content=\"https:\/\/zuckerzauberer.de\/index.php\/hilf-dir-selbst\/\" \/>\n<meta property=\"og:site_name\" content=\"zuckerzauberer.de\" \/>\n<meta property=\"article:modified_time\" content=\"2020-10-09T15:57:56+00:00\" \/>\n<meta property=\"og:image\" content=\"https:\/\/zuckerzauberer.de\/wp-content\/uploads\/2020\/10\/motivation-scaled-e1602259061829.jpg\" \/>\n\t<meta property=\"og:image:width\" content=\"2560\" \/>\n\t<meta property=\"og:image:height\" content=\"800\" \/>\n<meta name=\"twitter:card\" content=\"summary_large_image\" \/>\n<meta name=\"twitter:label1\" content=\"Gesch\u00e4tzte Lesezeit\">\n\t<meta name=\"twitter:data1\" content=\"2 Minuten\">\n<script type=\"application\/ld+json\" class=\"yoast-schema-graph\">{\"@context\":\"https:\/\/schema.org\",\"@graph\":[{\"@type\":[\"Person\",\"Organization\"],\"@id\":\"https:\/\/zuckerzauberer.de\/#\/schema\/person\/d202dacc4bfb99dac9408cd49958e315\",\"name\":\"christian\",\"image\":{\"@type\":\"ImageObject\",\"@id\":\"https:\/\/zuckerzauberer.de\/#personlogo\",\"inLanguage\":\"de-DE\",\"url\":\"https:\/\/secure.gravatar.com\/avatar\/0a40be1d19a209d81a31ebe7307d35ce?s=96&d=mm&r=g\",\"caption\":\"christian\"},\"logo\":{\"@id\":\"https:\/\/zuckerzauberer.de\/#personlogo\"},\"sameAs\":[\"https:\/\/zuckerzauberer.de\"]},{\"@type\":\"WebSite\",\"@id\":\"https:\/\/zuckerzauberer.de\/#website\",\"url\":\"https:\/\/zuckerzauberer.de\/\",\"name\":\"zuckerzauberer.de\",\"description\":\"typ1 diabetes | hilfe zur selbsthilfe\",\"publisher\":{\"@id\":\"https:\/\/zuckerzauberer.de\/#\/schema\/person\/d202dacc4bfb99dac9408cd49958e315\"},\"potentialAction\":[{\"@type\":\"SearchAction\",\"target\":\"https:\/\/zuckerzauberer.de\/?s={search_term_string}\",\"query-input\":\"required name=search_term_string\"}],\"inLanguage\":\"de-DE\"},{\"@type\":\"ImageObject\",\"@id\":\"https:\/\/zuckerzauberer.de\/index.php\/hilf-dir-selbst\/#primaryimage\",\"inLanguage\":\"de-DE\",\"url\":\"https:\/\/zuckerzauberer.de\/wp-content\/uploads\/2020\/10\/motivation-scaled-e1602259061829.jpg\",\"width\":2560,\"height\":800},{\"@type\":\"WebPage\",\"@id\":\"https:\/\/zuckerzauberer.de\/index.php\/hilf-dir-selbst\/#webpage\",\"url\":\"https:\/\/zuckerzauberer.de\/index.php\/hilf-dir-selbst\/\",\"name\":\"Hilf Dir selbst | zuckerzauberer.de\",\"isPartOf\":{\"@id\":\"https:\/\/zuckerzauberer.de\/#website\"},\"primaryImageOfPage\":{\"@id\":\"https:\/\/zuckerzauberer.de\/index.php\/hilf-dir-selbst\/#primaryimage\"},\"datePublished\":\"2020-10-06T06:37:27+00:00\",\"dateModified\":\"2020-10-09T15:57:56+00:00\",\"breadcrumb\":{\"@id\":\"https:\/\/zuckerzauberer.de\/index.php\/hilf-dir-selbst\/#breadcrumb\"},\"inLanguage\":\"de-DE\",\"potentialAction\":[{\"@type\":\"ReadAction\",\"target\":[\"https:\/\/zuckerzauberer.de\/index.php\/hilf-dir-selbst\/\"]}]},{\"@type\":\"BreadcrumbList\",\"@id\":\"https:\/\/zuckerzauberer.de\/index.php\/hilf-dir-selbst\/#breadcrumb\",\"itemListElement\":[{\"@type\":\"ListItem\",\"position\":1,\"item\":{\"@type\":\"WebPage\",\"@id\":\"https:\/\/zuckerzauberer.de\/\",\"url\":\"https:\/\/zuckerzauberer.de\/\",\"name\":\"Startseite\"}},{\"@type\":\"ListItem\",\"position\":2,\"item\":{\"@type\":\"WebPage\",\"@id\":\"https:\/\/zuckerzauberer.de\/index.php\/hilf-dir-selbst\/\",\"url\":\"https:\/\/zuckerzauberer.de\/index.php\/hilf-dir-selbst\/\",\"name\":\"Hilf Dir selbst\"}}]}]}<\/script>\n<!-- \/ Yoast SEO plugin. -->","_links":{"self":[{"href":"https:\/\/zuckerzauberer.de\/index.php\/wp-json\/wp\/v2\/pages\/139"}],"collection":[{"href":"https:\/\/zuckerzauberer.de\/index.php\/wp-json\/wp\/v2\/pages"}],"about":[{"href":"https:\/\/zuckerzauberer.de\/index.php\/wp-json\/wp\/v2\/types\/page"}],"author":[{"embeddable":true,"href":"https:\/\/zuckerzauberer.de\/index.php\/wp-json\/wp\/v2\/users\/1"}],"replies":[{"embeddable":true,"href":"https:\/\/zuckerzauberer.de\/index.php\/wp-json\/wp\/v2\/comments?post=139"}],"version-history":[{"count":2,"href":"https:\/\/zuckerzauberer.de\/index.php\/wp-json\/wp\/v2\/pages\/139\/revisions"}],"predecessor-version":[{"id":223,"href":"https:\/\/zuckerzauberer.de\/index.php\/wp-json\/wp\/v2\/pages\/139\/revisions\/223"}],"wp:featuredmedia":[{"embeddable":true,"href":"https:\/\/zuckerzauberer.de\/index.php\/wp-json\/wp\/v2\/media\/224"}],"wp:attachment":[{"href":"https:\/\/zuckerzauberer.de\/index.php\/wp-json\/wp\/v2\/media?parent=139"}],"curies":[{"name":"wp","href":"https:\/\/api.w.org\/{rel}","templated":true}]}}