{"id":141,"date":"2020-10-06T08:38:08","date_gmt":"2020-10-06T06:38:08","guid":{"rendered":"https:\/\/zuckerzauberer.de\/?page_id=141"},"modified":"2020-10-11T09:32:21","modified_gmt":"2020-10-11T07:32:21","slug":"impressum","status":"publish","type":"page","link":"https:\/\/zuckerzauberer.de\/index.php\/impressum\/","title":{"rendered":"Impressum"},"content":{"rendered":"\n<p>Angaben gem\u00e4\u00df \u00a7 5 TMG<\/p>\n\n\n\n<p>Christian Storck<br>Beethovenring 39<br>67245 Lambsheim<\/p>\n\n\n\n<p>Vertreten durch:<br>Christian Storck<\/p>\n\n\n\n<p>Kontakt:<br>Telefon: 06233-4598541<br>E-Mail: christian@zuckerzauberer.de<\/p>\n\n\n\n<p>Verantwortlich f\u00fcr den Inhalt nach \u00a7 55 Abs. 2 RStV:<br>Christian Storck<br>Beethovenring 39<br>67245 Lambsheim<\/p>\n\n\n\n<p>Haftungsausschluss:<\/p>\n\n\n\n<p>Haftung f\u00fcr Inhalte<br>Die Inhalte unserer Seiten wurden mit gr\u00f6\u00dfter Sorgfalt erstellt. F\u00fcr die Richtigkeit, Vollst\u00e4ndigkeit und Aktualit\u00e4t der Inhalte kann ich jedoch keine Gew\u00e4hr \u00fcbernehmen. Als Diensteanbieter bin ich gem\u00e4\u00df \u00a7 7 Abs.1 TMG f\u00fcr eigene Inhalte auf diesen Seiten nach den allgemeinen Gesetzen verantwortlich. Nach \u00a7\u00a7 8 bis 10 TMG bin ich als Diensteanbieter jedoch nicht verpflichtet, \u00fcbermittelte oder gespeicherte fremde Informationen zu \u00fcberwachen oder nach Umst\u00e4nden zu forschen, die auf eine rechtswidrige T\u00e4tigkeit hinweisen. Verpflichtungen zur Entfernung oder Sperrung der Nutzung von Informationen nach den allgemeinen Gesetzen bleiben hiervon unber\u00fchrt. Eine diesbez\u00fcgliche Haftung ist jedoch erst ab dem Zeitpunkt der Kenntnis einer konkreten Rechtsverletzung m\u00f6glich. Bei Bekanntwerden von entsprechenden Rechtsverletzungen werde ich diese Inhalte umgehend entfernen.<\/p>\n\n\n\n<p>Haftung f\u00fcr Links<br>Unser Angebot enth\u00e4lt Links zu externen Webseiten Dritter, auf deren Inhalte ich keinen Einfluss habe. Deshalb kann ich f\u00fcr diese fremden Inhalte auch keine Gew\u00e4hr \u00fcbernehmen. F\u00fcr die Inhalte der verlinkten Seiten ist stets der jeweilige Anbieter oder Betreiber der Seiten verantwortlich. Die verlinkten Seiten wurden zum Zeitpunkt der Verlinkung auf m\u00f6gliche Rechtsverst\u00f6\u00dfe \u00fcberpr\u00fcft. Rechtswidrige Inhalte waren zum Zeitpunkt der Verlinkung nicht erkennbar. Eine permanente inhaltliche Kontrolle der verlinkten Seiten ist jedoch ohne konkrete Anhaltspunkte einer Rechtsverletzung nicht zumutbar. Bei Bekanntwerden von Rechtsverletzungen werde ich derartige Links umgehend entfernen.<\/p>\n\n\n\n<p>Urheberrecht<br>Die durch die Seitenbetreiber erstellten Inhalte und Werke auf diesen Seiten unterliegen dem deutschen Urheberrecht. Die Vervielf\u00e4ltigung, Bearbeitung, Verbreitung und jede Art der Verwertung au\u00dferhalb der Grenzen des Urheberrechtes bed\u00fcrfen der schriftlichen Zustimmung des jeweiligen Autors bzw. Erstellers. Downloads und Kopien dieser Seite sind nur f\u00fcr den privaten, nicht kommerziellen Gebrauch gestattet. Soweit die Inhalte auf dieser Seite nicht vom Betreiber erstellt wurden, werden die Urheberrechte Dritter beachtet. Insbesondere werden Inhalte Dritter als solche gekennzeichnet. Sollten Sie trotzdem auf eine Urheberrechtsverletzung aufmerksam werden, bitte ich um einen entsprechenden Hinweis. Bei Bekanntwerden von Rechtsverletzungen werde ich derartige Inhalte umgehend entfernen.<\/p>\n","protected":false},"excerpt":{"rendered":"<p>Angaben gem\u00e4\u00df \u00a7 5 TMG Christian StorckBeethovenring 3967245 Lambsheim Vertreten durch:Christian Storck Kontakt:Telefon: 06233-4598541E-Mail: christian@zuckerzauberer.de Verantwortlich f\u00fcr den Inhalt nach \u00a7 55 Abs. 2 RStV:Christian StorckBeethovenring 3967245 Lambsheim Haftungsausschluss: Haftung f\u00fcr InhalteDie Inhalte unserer Seiten wurden mit gr\u00f6\u00dfter Sorgfalt erstellt. F\u00fcr die Richtigkeit, Vollst\u00e4ndigkeit und Aktualit\u00e4t der Inhalte kann ich jedoch keine Gew\u00e4hr \u00fcbernehmen. Als &hellip; <\/p>\n<p class=\"link-more\"><a href=\"https:\/\/zuckerzauberer.de\/index.php\/impressum\/\" class=\"more-link\"><span class=\"screen-reader-text\">\u201eImpressum\u201c<\/span> weiterlesen<\/a><\/p>\n","protected":false},"author":1,"featured_media":0,"parent":0,"menu_order":0,"comment_status":"closed","ping_status":"closed","template":"","meta":[],"yoast_head":"<!-- This site is optimized with the Yoast SEO plugin v16.0.2 - https:\/\/yoast.com\/wordpress\/plugins\/seo\/ -->\n<title>Impressum | zuckerzauberer.de<\/title>\n<link rel=\"canonical\" href=\"https:\/\/zuckerzauberer.de\/index.php\/impressum\/\" \/>\n<meta property=\"og:locale\" content=\"de_DE\" \/>\n<meta property=\"og:type\" content=\"article\" \/>\n<meta property=\"og:title\" content=\"Impressum | zuckerzauberer.de\" \/>\n<meta property=\"og:description\" content=\"Angaben gem\u00e4\u00df \u00a7 5 TMG Christian StorckBeethovenring 3967245 Lambsheim Vertreten durch:Christian Storck Kontakt:Telefon: 06233-4598541E-Mail: christian@zuckerzauberer.de Verantwortlich f\u00fcr den Inhalt nach \u00a7 55 Abs. 2 RStV:Christian StorckBeethovenring 3967245 Lambsheim Haftungsausschluss: Haftung f\u00fcr InhalteDie Inhalte unserer Seiten wurden mit gr\u00f6\u00dfter Sorgfalt erstellt. F\u00fcr die Richtigkeit, Vollst\u00e4ndigkeit und Aktualit\u00e4t der Inhalte kann ich jedoch keine Gew\u00e4hr \u00fcbernehmen. Als &hellip; \u201eImpressum\u201c weiterlesen\" \/>\n<meta property=\"og:url\" content=\"https:\/\/zuckerzauberer.de\/index.php\/impressum\/\" \/>\n<meta property=\"og:site_name\" content=\"zuckerzauberer.de\" \/>\n<meta property=\"article:modified_time\" content=\"2020-10-11T07:32:21+00:00\" \/>\n<meta name=\"twitter:card\" content=\"summary_large_image\" \/>\n<meta name=\"twitter:label1\" content=\"Gesch\u00e4tzte Lesezeit\">\n\t<meta name=\"twitter:data1\" content=\"2 Minuten\">\n<script type=\"application\/ld+json\" class=\"yoast-schema-graph\">{\"@context\":\"https:\/\/schema.org\",\"@graph\":[{\"@type\":[\"Person\",\"Organization\"],\"@id\":\"https:\/\/zuckerzauberer.de\/#\/schema\/person\/d202dacc4bfb99dac9408cd49958e315\",\"name\":\"christian\",\"image\":{\"@type\":\"ImageObject\",\"@id\":\"https:\/\/zuckerzauberer.de\/#personlogo\",\"inLanguage\":\"de-DE\",\"url\":\"https:\/\/secure.gravatar.com\/avatar\/0a40be1d19a209d81a31ebe7307d35ce?s=96&d=mm&r=g\",\"caption\":\"christian\"},\"logo\":{\"@id\":\"https:\/\/zuckerzauberer.de\/#personlogo\"},\"sameAs\":[\"https:\/\/zuckerzauberer.de\"]},{\"@type\":\"WebSite\",\"@id\":\"https:\/\/zuckerzauberer.de\/#website\",\"url\":\"https:\/\/zuckerzauberer.de\/\",\"name\":\"zuckerzauberer.de\",\"description\":\"typ1 diabetes | hilfe zur selbsthilfe\",\"publisher\":{\"@id\":\"https:\/\/zuckerzauberer.de\/#\/schema\/person\/d202dacc4bfb99dac9408cd49958e315\"},\"potentialAction\":[{\"@type\":\"SearchAction\",\"target\":\"https:\/\/zuckerzauberer.de\/?s={search_term_string}\",\"query-input\":\"required name=search_term_string\"}],\"inLanguage\":\"de-DE\"},{\"@type\":\"WebPage\",\"@id\":\"https:\/\/zuckerzauberer.de\/index.php\/impressum\/#webpage\",\"url\":\"https:\/\/zuckerzauberer.de\/index.php\/impressum\/\",\"name\":\"Impressum | zuckerzauberer.de\",\"isPartOf\":{\"@id\":\"https:\/\/zuckerzauberer.de\/#website\"},\"datePublished\":\"2020-10-06T06:38:08+00:00\",\"dateModified\":\"2020-10-11T07:32:21+00:00\",\"breadcrumb\":{\"@id\":\"https:\/\/zuckerzauberer.de\/index.php\/impressum\/#breadcrumb\"},\"inLanguage\":\"de-DE\",\"potentialAction\":[{\"@type\":\"ReadAction\",\"target\":[\"https:\/\/zuckerzauberer.de\/index.php\/impressum\/\"]}]},{\"@type\":\"BreadcrumbList\",\"@id\":\"https:\/\/zuckerzauberer.de\/index.php\/impressum\/#breadcrumb\",\"itemListElement\":[{\"@type\":\"ListItem\",\"position\":1,\"item\":{\"@type\":\"WebPage\",\"@id\":\"https:\/\/zuckerzauberer.de\/\",\"url\":\"https:\/\/zuckerzauberer.de\/\",\"name\":\"Startseite\"}},{\"@type\":\"ListItem\",\"position\":2,\"item\":{\"@type\":\"WebPage\",\"@id\":\"https:\/\/zuckerzauberer.de\/index.php\/impressum\/\",\"url\":\"https:\/\/zuckerzauberer.de\/index.php\/impressum\/\",\"name\":\"Impressum\"}}]}]}<\/script>\n<!-- \/ Yoast SEO plugin. -->","_links":{"self":[{"href":"https:\/\/zuckerzauberer.de\/index.php\/wp-json\/wp\/v2\/pages\/141"}],"collection":[{"href":"https:\/\/zuckerzauberer.de\/index.php\/wp-json\/wp\/v2\/pages"}],"about":[{"href":"https:\/\/zuckerzauberer.de\/index.php\/wp-json\/wp\/v2\/types\/page"}],"author":[{"embeddable":true,"href":"https:\/\/zuckerzauberer.de\/index.php\/wp-json\/wp\/v2\/users\/1"}],"replies":[{"embeddable":true,"href":"https:\/\/zuckerzauberer.de\/index.php\/wp-json\/wp\/v2\/comments?post=141"}],"version-history":[{"count":4,"href":"https:\/\/zuckerzauberer.de\/index.php\/wp-json\/wp\/v2\/pages\/141\/revisions"}],"predecessor-version":[{"id":244,"href":"https:\/\/zuckerzauberer.de\/index.php\/wp-json\/wp\/v2\/pages\/141\/revisions\/244"}],"wp:attachment":[{"href":"https:\/\/zuckerzauberer.de\/index.php\/wp-json\/wp\/v2\/media?parent=141"}],"curies":[{"name":"wp","href":"https:\/\/api.w.org\/{rel}","templated":true}]}}