{"id":53,"date":"2020-10-05T20:39:06","date_gmt":"2020-10-05T18:39:06","guid":{"rendered":"https:\/\/zuckerzauberer.de\/?page_id=53"},"modified":"2020-10-09T16:52:20","modified_gmt":"2020-10-09T14:52:20","slug":"datenschutzerklaerung","status":"publish","type":"page","link":"https:\/\/zuckerzauberer.de\/index.php\/datenschutzerklaerung\/","title":{"rendered":"Datenschutzerkl\u00e4rung"},"content":{"rendered":"\n<p>Verantwortlicher im Sinne der Datenschutzgesetze, insbesondere der EU-Datenschutzgrundverordnung (DSGVO), ist:<br>Christian Storck<\/p>\n\n\n\n<p>Die Nutzung meiner Webseite ist in der Regel ohne Angabe personenbezogener Daten m\u00f6glich. Soweit auf meinen Seiten personenbezogene Daten (beispielsweise Name oder eMail-Adresse) erhoben werden, erfolgt dies, soweit m\u00f6glich, stets auf freiwilliger Basis. Diese Daten werden ohne Ihre ausdr\u00fcckliche Zustimmung nicht an Dritte weitergegeben.<br>Ich weise darauf hin, dass die Daten\u00fcbertragung im Internet (z.B. bei der Kommunikation per E-Mail) Sicherheitsl\u00fccken aufweisen kann. Ein l\u00fcckenloser Schutz der Daten vor dem Zugriff durch Dritte ist nicht m\u00f6glich.<br>Der Nutzung von im Rahmen der Impressumspflicht ver\u00f6ffentlichten Kontaktdaten durch Dritte zur \u00dcbersendung von nicht ausdr\u00fccklich angeforderter Werbung und Informationsmaterialien wird hiermit ausdr\u00fccklich widersprochen. Der Betreiber der Seiten beh\u00e4lt sich ausdr\u00fccklich rechtliche Schritte im Falle der unverlangten Zusendung von Werbeinformationen, etwa durch Spam-Mails, vor.<\/p>\n\n\n\n<p><strong>Ihre Betroffenenrechte<\/strong><br>Unter den angegebenen Kontaktdaten k\u00f6nnen Sie jederzeit folgende Rechte aus\u00fcben:<\/p>\n\n\n\n<p>Auskunft \u00fcber Ihre bei mir gespeicherten Daten und deren Verarbeitung (Art. 15 DSGVO),<br>Berichtigung unrichtiger personenbezogener Daten (Art. 16 DSGVO),<br>L\u00f6schung Ihrer bei mir gespeicherten Daten (Art. 17 DSGVO),<br>Einschr\u00e4nkung der Datenverarbeitung, sofern wir Ihre Daten aufgrund gesetzlicher Pflichten noch nicht l\u00f6schen d\u00fcrfen (Art. 18 DSGVO),<br>Widerspruch gegen die Verarbeitung Ihrer Daten bei mir (Art. 21 DSGVO) und<br>Daten\u00fcbertragbarkeit, sofern Sie in die Datenverarbeitung eingewilligt haben oder einen Vertrag mit mir abgeschlossen haben (Art. 20 DSGVO).<br>Sofern Sie mir eine Einwilligung erteilt haben, k\u00f6nnen Sie diese jederzeit mit Wirkung f\u00fcr die Zukunft widerrufen.<\/p>\n\n\n\n<p>Sie k\u00f6nnen sich jederzeit mit einer Beschwerde an eine Aufsichtsbeh\u00f6rde wenden, z. B. an die zust\u00e4ndige Aufsichtsbeh\u00f6rde des Bundeslands Ihres Wohnsitzes oder an die f\u00fcr mich als verantwortliche Stelle zust\u00e4ndige Beh\u00f6rde.<\/p>\n\n\n\n<p>Eine Liste der Aufsichtsbeh\u00f6rden (f\u00fcr den nicht\u00f6ffentlichen Bereich) mit Anschrift finden Sie unter: https:\/\/www.bfdi.bund.de\/DE\/Infothek\/Anschriften_Links\/anschriften_links-node.html.<\/p>\n\n\n\n<p><strong>Kontaktformular<\/strong><br>Art und Zweck der Verarbeitung:<br>Die von Ihnen eingegebenen Daten werden zum Zweck der individuellen Kommunikation mit Ihnen gespeichert. Hierf\u00fcr ist die Angabe einer validen E-Mail-Adresse sowie Ihres Namens erforderlich. Diese dient der Zuordnung der Anfrage und der anschlie\u00dfenden Beantwortung derselben. Die Angabe weiterer Daten ist optional.<\/p>\n\n\n\n<p>Rechtsgrundlage:<br>Die Verarbeitung der in das Kontaktformular eingegebenen Daten erfolgt auf der Grundlage eines berechtigten Interesses (Art. 6 Abs. 1 lit. f DSGVO).<\/p>\n\n\n\n<p>Durch Bereitstellung des Kontaktformulars m\u00f6chten wir Ihnen eine unkomplizierte Kontaktaufnahme erm\u00f6glichen. Ihre gemachten Angaben werden zum Zwecke der Bearbeitung der Anfrage sowie f\u00fcr m\u00f6gliche Anschlussfragen gespeichert.<\/p>\n\n\n\n<p>Empf\u00e4nger:<br>Empf\u00e4nger der Daten ist Christian Storck.<\/p>\n\n\n\n<p>Speicherdauer:<br>Daten werden sp\u00e4testens 6 Monate nach Bearbeitung der Anfrage gel\u00f6scht.<\/p>\n\n\n\n<p>SSL-Verschl\u00fcsselung<br>Um die Sicherheit Ihrer Daten bei der \u00dcbertragung zu sch\u00fctzen, verwenden wir dem aktuellen Stand der Technik entsprechende Verschl\u00fcsselungsverfahren (z. B. SSL) \u00fcber HTTPS.<\/p>\n\n\n\n<p>Information \u00fcber Ihr Widerspruchsrecht nach Art. 21 DSGVO<br>Einzelfallbezogenes Widerspruchsrecht<br>Sie haben das Recht, aus Gr\u00fcnden, die sich aus Ihrer besonderen Situation ergeben, jederzeit gegen die Verarbeitung Sie betreffender personenbezogener Daten, die aufgrund Art. 6 Abs. 1 lit. f DSGVO (Datenverarbeitung auf der Grundlage einer Interessenabw\u00e4gung) erfolgt, Widerspruch einzulegen; dies gilt auch f\u00fcr ein auf diese Bestimmung gest\u00fctztes Profiling im Sinne von Art. 4 Nr. 4 DSGVO.<\/p>\n\n\n\n<p>Legen Sie Widerspruch ein, werden wir Ihre personenbezogenen Daten nicht mehr verarbeiten, es sei denn, wir k\u00f6nnen zwingende schutzw\u00fcrdige Gr\u00fcnde f\u00fcr die Verarbeitung nachweisen, die Ihre Interessen, Rechte und Freiheiten \u00fcberwiegen, oder die Verarbeitung dient der Geltendmachung, Aus\u00fcbung oder Verteidigung von Rechtsanspr\u00fcchen.<\/p>\n\n\n\n<p>Empf\u00e4nger eines Widerspruchs<br>Christian Storck<\/p>\n\n\n\n<p>\u00c4nderung meiner Datenschutzbestimmungen<br>Ich behalte mir vor, diese Datenschutzerkl\u00e4rung anzupassen, damit sie stets den aktuellen rechtlichen Anforderungen entspricht oder um \u00c4nderungen meiner Leistungen in der Datenschutzerkl\u00e4rung umzusetzen, z.B. bei der Einf\u00fchrung neuer Services. F\u00fcr Ihren erneuten Besuch gilt dann die neue Datenschutzerkl\u00e4rung.<\/p>\n\n\n\n<p>Wenn Sie Fragen zum Datenschutz haben, schreiben Sie mir bitte eine E-Mail.<\/p>\n","protected":false},"excerpt":{"rendered":"<p>Verantwortlicher im Sinne der Datenschutzgesetze, insbesondere der EU-Datenschutzgrundverordnung (DSGVO), ist:Christian Storck Die Nutzung meiner Webseite ist in der Regel ohne Angabe personenbezogener Daten m\u00f6glich. Soweit auf meinen Seiten personenbezogene Daten (beispielsweise Name oder eMail-Adresse) erhoben werden, erfolgt dies, soweit m\u00f6glich, stets auf freiwilliger Basis. Diese Daten werden ohne Ihre ausdr\u00fcckliche Zustimmung nicht an Dritte weitergegeben.Ich &hellip; <\/p>\n<p class=\"link-more\"><a href=\"https:\/\/zuckerzauberer.de\/index.php\/datenschutzerklaerung\/\" class=\"more-link\"><span class=\"screen-reader-text\">\u201eDatenschutzerkl\u00e4rung\u201c<\/span> weiterlesen<\/a><\/p>\n","protected":false},"author":1,"featured_media":0,"parent":0,"menu_order":0,"comment_status":"closed","ping_status":"closed","template":"","meta":[],"yoast_head":"<!-- This site is optimized with the Yoast SEO plugin v16.0.2 - https:\/\/yoast.com\/wordpress\/plugins\/seo\/ -->\n<title>Datenschutzerkl\u00e4rung | zuckerzauberer.de<\/title>\n<link rel=\"canonical\" href=\"https:\/\/zuckerzauberer.de\/index.php\/datenschutzerklaerung\/\" \/>\n<meta property=\"og:locale\" content=\"de_DE\" \/>\n<meta property=\"og:type\" content=\"article\" \/>\n<meta property=\"og:title\" content=\"Datenschutzerkl\u00e4rung | zuckerzauberer.de\" \/>\n<meta property=\"og:description\" content=\"Verantwortlicher im Sinne der Datenschutzgesetze, insbesondere der EU-Datenschutzgrundverordnung (DSGVO), ist:Christian Storck Die Nutzung meiner Webseite ist in der Regel ohne Angabe personenbezogener Daten m\u00f6glich. Soweit auf meinen Seiten personenbezogene Daten (beispielsweise Name oder eMail-Adresse) erhoben werden, erfolgt dies, soweit m\u00f6glich, stets auf freiwilliger Basis. Diese Daten werden ohne Ihre ausdr\u00fcckliche Zustimmung nicht an Dritte weitergegeben.Ich &hellip; \u201eDatenschutzerkl\u00e4rung\u201c weiterlesen\" \/>\n<meta property=\"og:url\" content=\"https:\/\/zuckerzauberer.de\/index.php\/datenschutzerklaerung\/\" \/>\n<meta property=\"og:site_name\" content=\"zuckerzauberer.de\" \/>\n<meta property=\"article:modified_time\" content=\"2020-10-09T14:52:20+00:00\" \/>\n<meta name=\"twitter:card\" content=\"summary_large_image\" \/>\n<meta name=\"twitter:label1\" content=\"Gesch\u00e4tzte Lesezeit\">\n\t<meta name=\"twitter:data1\" content=\"3 Minuten\">\n<script type=\"application\/ld+json\" class=\"yoast-schema-graph\">{\"@context\":\"https:\/\/schema.org\",\"@graph\":[{\"@type\":[\"Person\",\"Organization\"],\"@id\":\"https:\/\/zuckerzauberer.de\/#\/schema\/person\/d202dacc4bfb99dac9408cd49958e315\",\"name\":\"christian\",\"image\":{\"@type\":\"ImageObject\",\"@id\":\"https:\/\/zuckerzauberer.de\/#personlogo\",\"inLanguage\":\"de-DE\",\"url\":\"https:\/\/secure.gravatar.com\/avatar\/0a40be1d19a209d81a31ebe7307d35ce?s=96&d=mm&r=g\",\"caption\":\"christian\"},\"logo\":{\"@id\":\"https:\/\/zuckerzauberer.de\/#personlogo\"},\"sameAs\":[\"https:\/\/zuckerzauberer.de\"]},{\"@type\":\"WebSite\",\"@id\":\"https:\/\/zuckerzauberer.de\/#website\",\"url\":\"https:\/\/zuckerzauberer.de\/\",\"name\":\"zuckerzauberer.de\",\"description\":\"typ1 diabetes | hilfe zur selbsthilfe\",\"publisher\":{\"@id\":\"https:\/\/zuckerzauberer.de\/#\/schema\/person\/d202dacc4bfb99dac9408cd49958e315\"},\"potentialAction\":[{\"@type\":\"SearchAction\",\"target\":\"https:\/\/zuckerzauberer.de\/?s={search_term_string}\",\"query-input\":\"required name=search_term_string\"}],\"inLanguage\":\"de-DE\"},{\"@type\":\"WebPage\",\"@id\":\"https:\/\/zuckerzauberer.de\/index.php\/datenschutzerklaerung\/#webpage\",\"url\":\"https:\/\/zuckerzauberer.de\/index.php\/datenschutzerklaerung\/\",\"name\":\"Datenschutzerkl\\u00e4rung | zuckerzauberer.de\",\"isPartOf\":{\"@id\":\"https:\/\/zuckerzauberer.de\/#website\"},\"datePublished\":\"2020-10-05T18:39:06+00:00\",\"dateModified\":\"2020-10-09T14:52:20+00:00\",\"breadcrumb\":{\"@id\":\"https:\/\/zuckerzauberer.de\/index.php\/datenschutzerklaerung\/#breadcrumb\"},\"inLanguage\":\"de-DE\",\"potentialAction\":[{\"@type\":\"ReadAction\",\"target\":[\"https:\/\/zuckerzauberer.de\/index.php\/datenschutzerklaerung\/\"]}]},{\"@type\":\"BreadcrumbList\",\"@id\":\"https:\/\/zuckerzauberer.de\/index.php\/datenschutzerklaerung\/#breadcrumb\",\"itemListElement\":[{\"@type\":\"ListItem\",\"position\":1,\"item\":{\"@type\":\"WebPage\",\"@id\":\"https:\/\/zuckerzauberer.de\/\",\"url\":\"https:\/\/zuckerzauberer.de\/\",\"name\":\"Startseite\"}},{\"@type\":\"ListItem\",\"position\":2,\"item\":{\"@type\":\"WebPage\",\"@id\":\"https:\/\/zuckerzauberer.de\/index.php\/datenschutzerklaerung\/\",\"url\":\"https:\/\/zuckerzauberer.de\/index.php\/datenschutzerklaerung\/\",\"name\":\"Datenschutzerkl\\u00e4rung\"}}]}]}<\/script>\n<!-- \/ Yoast SEO plugin. -->","_links":{"self":[{"href":"https:\/\/zuckerzauberer.de\/index.php\/wp-json\/wp\/v2\/pages\/53"}],"collection":[{"href":"https:\/\/zuckerzauberer.de\/index.php\/wp-json\/wp\/v2\/pages"}],"about":[{"href":"https:\/\/zuckerzauberer.de\/index.php\/wp-json\/wp\/v2\/types\/page"}],"author":[{"embeddable":true,"href":"https:\/\/zuckerzauberer.de\/index.php\/wp-json\/wp\/v2\/users\/1"}],"replies":[{"embeddable":true,"href":"https:\/\/zuckerzauberer.de\/index.php\/wp-json\/wp\/v2\/comments?post=53"}],"version-history":[{"count":3,"href":"https:\/\/zuckerzauberer.de\/index.php\/wp-json\/wp\/v2\/pages\/53\/revisions"}],"predecessor-version":[{"id":214,"href":"https:\/\/zuckerzauberer.de\/index.php\/wp-json\/wp\/v2\/pages\/53\/revisions\/214"}],"wp:attachment":[{"href":"https:\/\/zuckerzauberer.de\/index.php\/wp-json\/wp\/v2\/media?parent=53"}],"curies":[{"name":"wp","href":"https:\/\/api.w.org\/{rel}","templated":true}]}}